{"id":795,"date":"2020-11-25T16:10:02","date_gmt":"2020-11-25T16:10:02","guid":{"rendered":"https:\/\/smilesandmore.hr\/?page_id=795"},"modified":"2023-07-05T13:08:29","modified_gmt":"2023-07-05T13:08:29","slug":"lijecenje-zuba","status":"publish","type":"page","link":"https:\/\/smilesandmore.hr\/en\/lijecenje-zuba\/","title":{"rendered":"Dental treatment"},"content":{"rendered":"<div data-elementor-type=\"wp-page\" data-elementor-id=\"795\" class=\"elementor elementor-795\" data-elementor-settings=\"[]\">\n\t\t\t\t\t\t<div class=\"elementor-inner\">\n\t\t\t\t\t\t\t<div class=\"elementor-section-wrap\">\n\t\t\t\t\t\t\t<section class=\"elementor-section elementor-top-section elementor-element elementor-element-8e8fda2 elementor-section-boxed elementor-section-height-default elementor-section-height-default\" data-id=\"8e8fda2\" data-element_type=\"section\">\n\t\t\t\t\t\t<div class=\"elementor-container elementor-column-gap-default\">\n\t\t\t\t\t\t\t<div class=\"elementor-row\">\n\t\t\t\t\t<div class=\"elementor-column elementor-col-100 elementor-top-column elementor-element elementor-element-57ae765\" data-id=\"57ae765\" data-element_type=\"column\">\n\t\t\t<div class=\"elementor-column-wrap elementor-element-populated\">\n\t\t\t\t\t\t\t<div class=\"elementor-widget-wrap\">\n\t\t\t\t\t\t<div class=\"elementor-element elementor-element-a19ba0f elementor-widget elementor-widget-heading\" data-id=\"a19ba0f\" data-element_type=\"widget\" data-widget_type=\"heading.default\">\n\t\t\t\t<div class=\"elementor-widget-container\">\n\t\t\t<h2 class=\"elementor-heading-title elementor-size-default\">DENTAL TREATMENT<\/h2>\t\t<\/div>\n\t\t\t\t<\/div>\n\t\t\t\t<div class=\"elementor-element elementor-element-3212458 elementor-widget elementor-widget-image\" data-id=\"3212458\" data-element_type=\"widget\" data-widget_type=\"image.default\">\n\t\t\t\t<div class=\"elementor-widget-container\">\n\t\t\t\t\t\t\t\t<div class=\"elementor-image\">\n\t\t\t\t\t\t\t\t\t\t\t\t<img width=\"512\" height=\"512\" src=\"https:\/\/smilesandmore.hr\/wp-content\/uploads\/2020\/11\/molar.png\" class=\"attachment-large size-large\" alt=\"\" loading=\"lazy\" srcset=\"https:\/\/smilesandmore.hr\/wp-content\/uploads\/2020\/11\/molar.png 512w, https:\/\/smilesandmore.hr\/wp-content\/uploads\/2020\/11\/molar-300x300.png 300w, https:\/\/smilesandmore.hr\/wp-content\/uploads\/2020\/11\/molar-150x150.png 150w\" sizes=\"(max-width: 512px) 100vw, 512px\" \/>\t\t\t\t\t\t\t\t\t\t\t\t\t\t<\/div>\n\t\t\t\t\t\t<\/div>\n\t\t\t\t<\/div>\n\t\t\t\t\t\t<\/div>\n\t\t\t\t\t<\/div>\n\t\t<\/div>\n\t\t\t\t\t\t\t\t<\/div>\n\t\t\t\t\t<\/div>\n\t\t<\/section>\n\t\t\t\t<section class=\"elementor-section elementor-top-section elementor-element elementor-element-3f4b637 elementor-section-boxed elementor-section-height-default elementor-section-height-default\" data-id=\"3f4b637\" data-element_type=\"section\">\n\t\t\t\t\t\t<div class=\"elementor-container elementor-column-gap-default\">\n\t\t\t\t\t\t\t<div class=\"elementor-row\">\n\t\t\t\t\t<div class=\"elementor-column elementor-col-100 elementor-top-column elementor-element elementor-element-5c6d7fa\" data-id=\"5c6d7fa\" data-element_type=\"column\">\n\t\t\t<div class=\"elementor-column-wrap elementor-element-populated\">\n\t\t\t\t\t\t\t<div class=\"elementor-widget-wrap\">\n\t\t\t\t\t\t<div class=\"elementor-element elementor-element-7924a83 elementor-widget elementor-widget-text-editor\" data-id=\"7924a83\" data-element_type=\"widget\" data-widget_type=\"text-editor.default\">\n\t\t\t\t<div class=\"elementor-widget-container\">\n\t\t\t\t\t\t\t\t<div class=\"elementor-text-editor elementor-clearfix\">\n\t\t\t\t<p>Anyone who has experienced toothache knows that it can be very uncomfortable. A tooth can hurt spontaneously ( like \"knocking\"), it can on hurt hot or cold, when biting or chewing, on cold air, etc. Sometimes the pain can increase at night, when the person calms down and lies down in a horizontal position.<\/p>\t\t\t\t\t<\/div>\n\t\t\t\t\t\t<\/div>\n\t\t\t\t<\/div>\n\t\t\t\t\t\t<\/div>\n\t\t\t\t\t<\/div>\n\t\t<\/div>\n\t\t\t\t\t\t\t\t<\/div>\n\t\t\t\t\t<\/div>\n\t\t<\/section>\n\t\t\t\t<section class=\"elementor-section elementor-top-section elementor-element elementor-element-fe76eb0 elementor-section-boxed elementor-section-height-default elementor-section-height-default\" data-id=\"fe76eb0\" data-element_type=\"section\">\n\t\t\t\t\t\t<div class=\"elementor-container elementor-column-gap-default\">\n\t\t\t\t\t\t\t<div class=\"elementor-row\">\n\t\t\t\t\t<div class=\"elementor-column elementor-col-50 elementor-top-column elementor-element elementor-element-358b701\" data-id=\"358b701\" data-element_type=\"column\">\n\t\t\t<div class=\"elementor-column-wrap elementor-element-populated\">\n\t\t\t\t\t\t\t<div class=\"elementor-widget-wrap\">\n\t\t\t\t\t\t<div class=\"elementor-element elementor-element-5a2c0b0 elementor-widget elementor-widget-heading\" data-id=\"5a2c0b0\" data-element_type=\"widget\" data-widget_type=\"heading.default\">\n\t\t\t\t<div class=\"elementor-widget-container\">\n\t\t\t<h2 class=\"elementor-heading-title elementor-size-default\">When do we take a nerve out of a tooth?<\/h2>\t\t<\/div>\n\t\t\t\t<\/div>\n\t\t\t\t<div class=\"elementor-element elementor-element-10e279c elementor-widget elementor-widget-text-editor\" data-id=\"10e279c\" data-element_type=\"widget\" data-widget_type=\"text-editor.default\">\n\t\t\t\t<div class=\"elementor-widget-container\">\n\t\t\t\t\t\t\t\t<div class=\"elementor-text-editor elementor-clearfix\">\n\t\t\t\t<p>The cause of pain can be deep tooth decay or filling if the tooth is alive or a granuloma or abscess if the tooth is dead (these are teeth that do not have a nerve, they turn gray and burst). If the cause of the pain is tooth decay, then over time it spreads to the nerve and infects the area in which it is located. A damaged nerve can react with inflammation that you will surely feel, or with decay that can go away without symptoms.\u00a0<\/p><p>Root canal treatment is an endodontic procedure that treats a problematic tooth. Machine endodontics is a more modern approach to dental treatment and we are usually faster and more efficient with it. We start the treatment with anesthesia, followed by an opening where we reach the nerve. There are two possible ways to go from there.<\/p>\t\t\t\t\t<\/div>\n\t\t\t\t\t\t<\/div>\n\t\t\t\t<\/div>\n\t\t\t\t\t\t<\/div>\n\t\t\t\t\t<\/div>\n\t\t<\/div>\n\t\t\t\t<div class=\"elementor-column elementor-col-50 elementor-top-column elementor-element elementor-element-c397db6\" data-id=\"c397db6\" data-element_type=\"column\" data-settings=\"{&quot;background_background&quot;:&quot;classic&quot;}\">\n\t\t\t<div class=\"elementor-column-wrap elementor-element-populated\">\n\t\t\t\t\t\t\t<div class=\"elementor-widget-wrap\">\n\t\t\t\t\t\t<div class=\"elementor-element elementor-element-060eaeb elementor-widget elementor-widget-text-editor\" data-id=\"060eaeb\" data-element_type=\"widget\" data-widget_type=\"text-editor.default\">\n\t\t\t\t<div class=\"elementor-widget-container\">\n\t\t\t\t\t\t\t\t<div class=\"elementor-text-editor elementor-clearfix\">\n\t\t\t\t<p>The first one is to put \"poison\" in the tooth, which will kill the inflamed nerve. After 10-14 days the canals are cleaned with needles, rinsed and dried. This removes bacteria and widens the canal enough to fill it. A medication can be placed between the two visits. If there are no symptoms, ie if the tooth does not hurt, fill the canals with gutta-percha sticks and appropriate paste. After filling, the tooth may ache for several days.\u00a0<\/p><p><\/p>\t\t\t\t\t<\/div>\n\t\t\t\t\t\t<\/div>\n\t\t\t\t<\/div>\n\t\t\t\t<div class=\"elementor-element elementor-element-4cd04f2 elementor-widget elementor-widget-text-editor\" data-id=\"4cd04f2\" data-element_type=\"widget\" data-widget_type=\"text-editor.default\">\n\t\t\t\t<div class=\"elementor-widget-container\">\n\t\t\t\t\t\t\t\t<div class=\"elementor-text-editor elementor-clearfix\">\n\t\t\t\t<p>Another way is to anesthetize the tooth in one visit, remove the nerve, dilate and fill the canals. It is good to make a control X-ray image to make sure that the canals are filled to the top.<\/p><p><\/p>\t\t\t\t\t<\/div>\n\t\t\t\t\t\t<\/div>\n\t\t\t\t<\/div>\n\t\t\t\t\t\t<\/div>\n\t\t\t\t\t<\/div>\n\t\t<\/div>\n\t\t\t\t\t\t\t\t<\/div>\n\t\t\t\t\t<\/div>\n\t\t<\/section>\n\t\t\t\t<section class=\"elementor-section elementor-top-section elementor-element elementor-element-2f71242 elementor-hidden-phone elementor-section-boxed elementor-section-height-default elementor-section-height-default\" data-id=\"2f71242\" data-element_type=\"section\">\n\t\t\t\t\t\t<div class=\"elementor-container elementor-column-gap-default\">\n\t\t\t\t\t\t\t<div class=\"elementor-row\">\n\t\t\t\t\t<div class=\"elementor-column elementor-col-50 elementor-top-column elementor-element elementor-element-b1ca5ec\" data-id=\"b1ca5ec\" data-element_type=\"column\">\n\t\t\t<div class=\"elementor-column-wrap elementor-element-populated\">\n\t\t\t\t\t\t\t<div class=\"elementor-widget-wrap\">\n\t\t\t\t\t\t<div class=\"elementor-element elementor-element-9456b21 elementor-widget elementor-widget-text-editor\" data-id=\"9456b21\" data-element_type=\"widget\" data-widget_type=\"text-editor.default\">\n\t\t\t\t<div class=\"elementor-widget-container\">\n\t\t\t\t\t\t\t\t<div class=\"elementor-text-editor elementor-clearfix\">\n\t\t\t\t<p>After filling the tooth, it is upgraded with pins or a simple filling is placed. It is recommended to put a crown on a dead or nerveless tooth for 6 months to a year if there are no symptoms or if the tooth is still.<\/p><p><\/p>\t\t\t\t\t<\/div>\n\t\t\t\t\t\t<\/div>\n\t\t\t\t<\/div>\n\t\t\t\t\t\t<\/div>\n\t\t\t\t\t<\/div>\n\t\t<\/div>\n\t\t\t\t<div class=\"elementor-column elementor-col-50 elementor-top-column elementor-element elementor-element-cd189bd\" data-id=\"cd189bd\" data-element_type=\"column\">\n\t\t\t<div class=\"elementor-column-wrap elementor-element-populated\">\n\t\t\t\t\t\t\t<div class=\"elementor-widget-wrap\">\n\t\t\t\t\t\t<div class=\"elementor-element elementor-element-6db7e06 elementor-widget elementor-widget-image\" data-id=\"6db7e06\" data-element_type=\"widget\" data-widget_type=\"image.default\">\n\t\t\t\t<div class=\"elementor-widget-container\">\n\t\t\t\t\t\t\t\t<div class=\"elementor-image\">\n\t\t\t\t\t\t\t\t\t\t\t\t<img width=\"800\" height=\"534\" src=\"https:\/\/smilesandmore.hr\/wp-content\/uploads\/2020\/10\/FaceApp_1568619229873-1024x683.jpg\" class=\"attachment-large size-large\" alt=\"\" loading=\"lazy\" srcset=\"https:\/\/smilesandmore.hr\/wp-content\/uploads\/2020\/10\/FaceApp_1568619229873-1024x683.jpg 1024w, https:\/\/smilesandmore.hr\/wp-content\/uploads\/2020\/10\/FaceApp_1568619229873-300x200.jpg 300w, https:\/\/smilesandmore.hr\/wp-content\/uploads\/2020\/10\/FaceApp_1568619229873-768x512.jpg 768w, https:\/\/smilesandmore.hr\/wp-content\/uploads\/2020\/10\/FaceApp_1568619229873-1536x1025.jpg 1536w, https:\/\/smilesandmore.hr\/wp-content\/uploads\/2020\/10\/FaceApp_1568619229873.jpg 1707w\" sizes=\"(max-width: 800px) 100vw, 800px\" \/>\t\t\t\t\t\t\t\t\t\t\t\t\t\t<\/div>\n\t\t\t\t\t\t<\/div>\n\t\t\t\t<\/div>\n\t\t\t\t\t\t<\/div>\n\t\t\t\t\t<\/div>\n\t\t<\/div>\n\t\t\t\t\t\t\t\t<\/div>\n\t\t\t\t\t<\/div>\n\t\t<\/section>\n\t\t\t\t<section class=\"elementor-section elementor-top-section elementor-element elementor-element-6a06159 elementor-hidden-phone elementor-section-boxed elementor-section-height-default elementor-section-height-default\" data-id=\"6a06159\" data-element_type=\"section\">\n\t\t\t\t\t\t<div class=\"elementor-container elementor-column-gap-default\">\n\t\t\t\t\t\t\t<div class=\"elementor-row\">\n\t\t\t\t\t<div class=\"elementor-column elementor-col-100 elementor-top-column elementor-element elementor-element-833d35b\" data-id=\"833d35b\" data-element_type=\"column\">\n\t\t\t<div class=\"elementor-column-wrap elementor-element-populated\">\n\t\t\t\t\t\t\t<div class=\"elementor-widget-wrap\">\n\t\t\t\t\t\t<div class=\"elementor-element elementor-element-e42bdc1 elementor-hidden-tablet elementor-hidden-phone elementor-widget elementor-widget-pp-advanced-menu\" data-id=\"e42bdc1\" data-element_type=\"widget\" data-settings=\"{&quot;layout&quot;:&quot;horizontal&quot;,&quot;toggle&quot;:&quot;icon&quot;,&quot;toggle_icon_type&quot;:&quot;hamburger&quot;}\" data-widget_type=\"pp-advanced-menu.default\">\n\t\t\t\t<div class=\"elementor-widget-container\">\n\t\t\t\n\t\t\t\t<div class=\"pp-advanced-menu-main-wrapper pp-advanced-menu__align-center pp-advanced-menu--indicator-classic pp-advanced-menu--dropdown-tablet pp-advanced-menu--type-default pp-advanced-menu__text-align-aside pp-advanced-menu--toggle pp-advanced-menu--icon\">\n\t\t\n\t\t\t\t\t\t<nav id=\"pp-menu-e42bdc1\" class=\"pp-advanced-menu--main pp-advanced-menu__container pp-advanced-menu--layout-horizontal pp--pointer-underline e--animation-fade\" data-settings=\"{&quot;menu_type&quot;:&quot;default&quot;,&quot;menu_id&quot;:&quot;e42bdc1&quot;,&quot;breakpoint&quot;:&quot;tablet&quot;,&quot;menu_layout&quot;:&quot;horizontal&quot;,&quot;onepage_menu&quot;:&quot;no&quot;,&quot;full_width&quot;:false}\"><ul id=\"menu-usluge\" class=\"pp-advanced-menu\"><li class=\"menu-item menu-item-type-post_type menu-item-object-page menu-item-459\"><a href=\"https:\/\/smilesandmore.hr\/en\/ljuskice\/\" class=\"pp-menu-item\">Veneers<\/a><\/li>\n<li class=\"menu-item menu-item-type-post_type menu-item-object-page menu-item-456\"><a href=\"https:\/\/smilesandmore.hr\/en\/implantati\/\" class=\"pp-menu-item\">Implants<\/a><\/li>\n<li class=\"menu-item menu-item-type-post_type menu-item-object-page menu-item-458\"><a href=\"https:\/\/smilesandmore.hr\/en\/krunice-i-mostovi\/\" class=\"pp-menu-item\">Crowns and dental bridges<\/a><\/li>\n<li class=\"menu-item menu-item-type-post_type menu-item-object-page menu-item-457\"><a href=\"https:\/\/smilesandmore.hr\/en\/izbjeljivanje\/\" class=\"pp-menu-item\">Whitening<\/a><\/li>\n<li class=\"menu-item menu-item-type-post_type menu-item-object-page menu-item-460\"><a href=\"https:\/\/smilesandmore.hr\/en\/ciscenje-zubi\/\" class=\"pp-menu-item\">Teeth cleaning<\/a><\/li>\n<li class=\"menu-item menu-item-type-post_type menu-item-object-page menu-item-808\"><a href=\"https:\/\/smilesandmore.hr\/en\/lijecenje-zuba\/\" class=\"pp-menu-item\">Dental treatment<\/a><\/li>\n<\/ul><\/nav>\n\t\t\t\t\t\t\t\t\t\t\t\t\t\t\t<div class=\"pp-menu-toggle pp-menu-toggle-on-tablet\">\n\t\t\t\t\t\t\t\t\t\t\t<div class=\"pp-hamburger\">\n\t\t\t\t\t\t\t<div class=\"pp-hamburger-box\">\n\t\t\t\t\t\t\t\t\t\t\t\t\t\t\t\t\t<div class=\"pp-hamburger-inner\"><\/div>\n\t\t\t\t\t\t\t\t\t\t\t\t\t\t\t<\/div>\n\t\t\t\t\t\t<\/div>\n\t\t\t\t\t\t\t\t\t\t\t\t\t\t<\/div>\n\t\t\t\t\t\t\t\t\t\t\t\t<nav class=\"pp-advanced-menu--dropdown pp-menu-style-toggle pp-advanced-menu__container pp-menu-e42bdc1 pp-menu-default\" data-settings=\"{&quot;menu_type&quot;:&quot;default&quot;,&quot;menu_id&quot;:&quot;e42bdc1&quot;,&quot;breakpoint&quot;:&quot;tablet&quot;,&quot;menu_layout&quot;:&quot;horizontal&quot;,&quot;onepage_menu&quot;:&quot;no&quot;,&quot;full_width&quot;:false}\">\n\t\t\t\t\t\t\t\t<ul id=\"menu-usluge-1\" class=\"pp-advanced-menu\"><li class=\"menu-item menu-item-type-post_type menu-item-object-page menu-item-459\"><a href=\"https:\/\/smilesandmore.hr\/en\/ljuskice\/\" class=\"pp-menu-item\">Veneers<\/a><\/li>\n<li class=\"menu-item menu-item-type-post_type menu-item-object-page menu-item-456\"><a href=\"https:\/\/smilesandmore.hr\/en\/implantati\/\" class=\"pp-menu-item\">Implants<\/a><\/li>\n<li class=\"menu-item menu-item-type-post_type menu-item-object-page menu-item-458\"><a href=\"https:\/\/smilesandmore.hr\/en\/krunice-i-mostovi\/\" class=\"pp-menu-item\">Crowns and dental bridges<\/a><\/li>\n<li class=\"menu-item menu-item-type-post_type menu-item-object-page menu-item-457\"><a href=\"https:\/\/smilesandmore.hr\/en\/izbjeljivanje\/\" class=\"pp-menu-item\">Whitening<\/a><\/li>\n<li class=\"menu-item menu-item-type-post_type menu-item-object-page menu-item-460\"><a href=\"https:\/\/smilesandmore.hr\/en\/ciscenje-zubi\/\" class=\"pp-menu-item\">Teeth cleaning<\/a><\/li>\n<li class=\"menu-item menu-item-type-post_type menu-item-object-page menu-item-808\"><a href=\"https:\/\/smilesandmore.hr\/en\/lijecenje-zuba\/\" class=\"pp-menu-item\">Dental treatment<\/a><\/li>\n<\/ul>\t\t\t<\/nav>\n\t\t\t\t\t\t\t<\/div>\n\t\t\t\t\t\t<\/div>\n\t\t\t\t<\/div>\n\t\t\t\t\t\t<\/div>\n\t\t\t\t\t<\/div>\n\t\t<\/div>\n\t\t\t\t\t\t\t\t<\/div>\n\t\t\t\t\t<\/div>\n\t\t<\/section>\n\t\t\t\t<section class=\"elementor-section elementor-top-section elementor-element elementor-element-3ba9b28 elementor-section-boxed elementor-section-height-default elementor-section-height-default\" data-id=\"3ba9b28\" data-element_type=\"section\">\n\t\t\t\t\t\t<div class=\"elementor-container elementor-column-gap-default\">\n\t\t\t\t\t\t\t<div class=\"elementor-row\">\n\t\t\t\t\t<div class=\"elementor-column elementor-col-100 elementor-top-column elementor-element elementor-element-be84143\" data-id=\"be84143\" data-element_type=\"column\">\n\t\t\t<div class=\"elementor-column-wrap elementor-element-populated\">\n\t\t\t\t\t\t\t<div class=\"elementor-widget-wrap\">\n\t\t\t\t\t\t<div class=\"elementor-element elementor-element-a59a024 elementor-cta--skin-cover elementor-animated-content elementor-bg-transform elementor-bg-transform-zoom-in elementor-widget elementor-widget-call-to-action\" data-id=\"a59a024\" data-element_type=\"widget\" data-widget_type=\"call-to-action.default\">\n\t\t\t\t<div class=\"elementor-widget-container\">\n\t\t\t\t\t<div  class=\"elementor-cta\">\n\t\t\t\t\t<div class=\"elementor-cta__bg-wrapper\">\n\t\t\t\t<div class=\"elementor-cta__bg elementor-bg\" style=\"background-image: url(https:\/\/smilesandmore.hr\/wp-content\/uploads\/2022\/03\/IMG-5047-1024x683.jpg);\"><\/div>\n\t\t\t\t<div class=\"elementor-cta__bg-overlay\"><\/div>\n\t\t\t<\/div>\n\t\t\t\t\t\t\t<div class=\"elementor-cta__content\">\n\t\t\t\t\n\t\t\t\t\t\t\t\t\t<h2 class=\"elementor-cta__title elementor-cta__content-item elementor-content-item elementor-animated-item--grow\">\n\t\t\t\t\t\tReady for a new smile?\t\t\t\t\t<\/h2>\n\t\t\t\t\n\t\t\t\t\t\t\t\t\t<div class=\"elementor-cta__description elementor-cta__content-item elementor-content-item elementor-animated-item--grow\">\n\t\t\t\t\t\tPerform your regular check-ups, refresh your smile and get to know the new space and staff!\t\t\t\t\t<\/div>\n\t\t\t\t\n\t\t\t\t\t\t\t\t\t<div class=\"elementor-cta__button-wrapper elementor-cta__content-item elementor-content-item elementor-animated-item--grow\">\n\t\t\t\t\t<a class=\"elementor-cta__button elementor-button elementor-size-sm\" href=\"https:\/\/smilesandmore.hr\/en\/kontakt\/\">\n\t\t\t\t\t\tSchedule a visit \t\t\t\t\t<\/a>\n\t\t\t\t\t<\/div>\n\t\t\t\t\t\t\t<\/div>\n\t\t\t\t\t\t<\/div>\n\t\t\t\t<\/div>\n\t\t\t\t<\/div>\n\t\t\t\t\t\t<\/div>\n\t\t\t\t\t<\/div>\n\t\t<\/div>\n\t\t\t\t\t\t\t\t<\/div>\n\t\t\t\t\t<\/div>\n\t\t<\/section>\n\t\t\t\t\t\t<\/div>\n\t\t\t\t\t\t<\/div>\n\t\t\t\t\t<\/div>","protected":false},"excerpt":{"rendered":"<p>LIJE\u010cENJE ZUBA Svatko tko je iskusio zubobolju zna da to mo\u017ee biti vrlo neugodno. Zub mo\u017ee boljeti spontano (\u201ekuckanje\u201c), mo\u017ee boljeti na toplo ili hladno, na zagriz odnosno \u017evakanje, na hladan zrak itd. Ponekad se bol mo\u017ee poja\u010davati no\u0107u, kada se osoba smiri i legne u horizontalan polo\u017eaj. Kada vadimo \u017eivac iz zuba? Razlog bolova [&hellip;]<\/p>\n","protected":false},"author":1,"featured_media":0,"parent":0,"menu_order":0,"comment_status":"closed","ping_status":"closed","template":"","meta":[],"yoast_head":"<!-- This site is optimized with the Yoast SEO Premium plugin v15.0 - https:\/\/yoast.com\/wordpress\/plugins\/seo\/ -->\n<title>Smiles &amp; more - Lije\u010denje zuba<\/title>\n<meta name=\"robots\" content=\"index, follow, max-snippet:-1, max-image-preview:large, max-video-preview:-1\" \/>\n<link rel=\"canonical\" href=\"https:\/\/smilesandmore.hr\/en\/lijecenje-zuba\/\" \/>\n<meta property=\"og:locale\" content=\"en_GB\" \/>\n<meta property=\"og:type\" content=\"article\" \/>\n<meta property=\"og:title\" content=\"Smiles &amp; more - Lije\u010denje zuba\" \/>\n<meta property=\"og:description\" content=\"LIJE\u010cENJE ZUBA Svatko tko je iskusio zubobolju zna da to mo\u017ee biti vrlo neugodno. Zub mo\u017ee boljeti spontano (\u201ekuckanje\u201c), mo\u017ee boljeti na toplo ili hladno, na zagriz odnosno \u017evakanje, na hladan zrak itd. Ponekad se bol mo\u017ee poja\u010davati no\u0107u, kada se osoba smiri i legne u horizontalan polo\u017eaj. Kada vadimo \u017eivac iz zuba? Razlog bolova [&hellip;]\" \/>\n<meta property=\"og:url\" content=\"https:\/\/smilesandmore.hr\/en\/lijecenje-zuba\/\" \/>\n<meta property=\"og:site_name\" content=\"Smiles &amp; more\" \/>\n<meta property=\"article:modified_time\" content=\"2023-07-05T13:08:29+00:00\" \/>\n<meta property=\"og:image\" content=\"https:\/\/smilesandmore.hr\/wp-content\/uploads\/2020\/11\/molar.png\" \/>\n<meta name=\"twitter:card\" content=\"summary_large_image\" \/>\n<script type=\"application\/ld+json\" class=\"yoast-schema-graph\">{\"@context\":\"https:\/\/schema.org\",\"@graph\":[{\"@type\":\"Organization\",\"@id\":\"https:\/\/smilesandmore.hr\/en\/#organization\",\"name\":\"Smiles&more\",\"url\":\"https:\/\/smilesandmore.hr\/en\/\",\"sameAs\":[],\"logo\":{\"@type\":\"ImageObject\",\"@id\":\"https:\/\/smilesandmore.hr\/en\/#logo\",\"inLanguage\":\"en-GB\",\"url\":\"https:\/\/smilesandmore.hr\/wp-content\/uploads\/2020\/10\/smiles.png\",\"width\":300,\"height\":156,\"caption\":\"Smiles&more\"},\"image\":{\"@id\":\"https:\/\/smilesandmore.hr\/en\/#logo\"}},{\"@type\":\"WebSite\",\"@id\":\"https:\/\/smilesandmore.hr\/en\/#website\",\"url\":\"https:\/\/smilesandmore.hr\/en\/\",\"name\":\"Smiles &amp; more\",\"description\":\"Va\\u0161 prvi korak prema novom osmijehu\",\"publisher\":{\"@id\":\"https:\/\/smilesandmore.hr\/en\/#organization\"},\"potentialAction\":[{\"@type\":\"SearchAction\",\"target\":\"https:\/\/smilesandmore.hr\/en\/?s={search_term_string}\",\"query-input\":\"required name=search_term_string\"}],\"inLanguage\":\"en-GB\"},{\"@type\":\"ImageObject\",\"@id\":\"https:\/\/smilesandmore.hr\/lijecenje-zuba\/#primaryimage\",\"inLanguage\":\"en-GB\",\"url\":\"https:\/\/smilesandmore.hr\/wp-content\/uploads\/2020\/11\/molar.png\",\"width\":512,\"height\":512},{\"@type\":\"WebPage\",\"@id\":\"https:\/\/smilesandmore.hr\/lijecenje-zuba\/#webpage\",\"url\":\"https:\/\/smilesandmore.hr\/lijecenje-zuba\/\",\"name\":\"Smiles &amp; more - Lije\\u010denje zuba\",\"isPartOf\":{\"@id\":\"https:\/\/smilesandmore.hr\/en\/#website\"},\"primaryImageOfPage\":{\"@id\":\"https:\/\/smilesandmore.hr\/lijecenje-zuba\/#primaryimage\"},\"datePublished\":\"2020-11-25T16:10:02+00:00\",\"dateModified\":\"2023-07-05T13:08:29+00:00\",\"inLanguage\":\"en-GB\",\"potentialAction\":[{\"@type\":\"ReadAction\",\"target\":[\"https:\/\/smilesandmore.hr\/lijecenje-zuba\/\"]}]}]}<\/script>\n<!-- \/ Yoast SEO Premium plugin. -->","_links":{"self":[{"href":"https:\/\/smilesandmore.hr\/en\/wp-json\/wp\/v2\/pages\/795"}],"collection":[{"href":"https:\/\/smilesandmore.hr\/en\/wp-json\/wp\/v2\/pages"}],"about":[{"href":"https:\/\/smilesandmore.hr\/en\/wp-json\/wp\/v2\/types\/page"}],"author":[{"embeddable":true,"href":"https:\/\/smilesandmore.hr\/en\/wp-json\/wp\/v2\/users\/1"}],"replies":[{"embeddable":true,"href":"https:\/\/smilesandmore.hr\/en\/wp-json\/wp\/v2\/comments?post=795"}],"version-history":[{"count":18,"href":"https:\/\/smilesandmore.hr\/en\/wp-json\/wp\/v2\/pages\/795\/revisions"}],"predecessor-version":[{"id":27821,"href":"https:\/\/smilesandmore.hr\/en\/wp-json\/wp\/v2\/pages\/795\/revisions\/27821"}],"wp:attachment":[{"href":"https:\/\/smilesandmore.hr\/en\/wp-json\/wp\/v2\/media?parent=795"}],"curies":[{"name":"wp","href":"https:\/\/api.w.org\/{rel}","templated":true}]}}